{"id":198,"date":"2023-04-16T17:26:32","date_gmt":"2023-04-16T17:26:32","guid":{"rendered":"https:\/\/www.marianaflores.com\/?page_id=198"},"modified":"2025-04-06T18:26:00","modified_gmt":"2025-04-06T18:26:00","slug":"biographie","status":"publish","type":"page","link":"https:\/\/www.marianaflores.com\/es\/biographie\/","title":{"rendered":"Biograf\u00eda"},"content":{"rendered":"<div data-elementor-type=\"wp-page\" data-elementor-id=\"198\" class=\"elementor elementor-198\" data-elementor-post-type=\"page\">\n\t\t\t\t<div class=\"elementor-element elementor-element-ae60862 e-con-full e-flex e-con e-parent\" data-id=\"ae60862\" data-element_type=\"container\" data-e-type=\"container\" data-settings=\"{&quot;background_background&quot;:&quot;classic&quot;}\">\n\t\t\t\t<div class=\"elementor-element elementor-element-43476e3 elementor-widget elementor-widget-spacer\" data-id=\"43476e3\" data-element_type=\"widget\" data-e-type=\"widget\" data-widget_type=\"spacer.default\">\n\t\t\t\t<div class=\"elementor-widget-container\">\n\t\t\t\t\t\t\t<div class=\"elementor-spacer\">\n\t\t\t<div class=\"elementor-spacer-inner\"><\/div>\n\t\t<\/div>\n\t\t\t\t\t\t<\/div>\n\t\t\t\t<\/div>\n\t\t\t\t<\/div>\n\t\t\t\t<section class=\"elementor-section elementor-top-section elementor-element elementor-element-11e31f8 elementor-section-full_width elementor-section-content-middle elementor-section-height-default elementor-section-height-default\" data-id=\"11e31f8\" data-element_type=\"section\" data-e-type=\"section\">\n\t\t\t\t\t\t<div class=\"elementor-container elementor-column-gap-no\">\n\t\t\t\t\t<div class=\"elementor-column elementor-col-50 elementor-top-column elementor-element elementor-element-f9f0615\" data-id=\"f9f0615\" data-element_type=\"column\" data-e-type=\"column\" data-settings=\"{&quot;background_background&quot;:&quot;classic&quot;}\">\n\t\t\t<div class=\"elementor-widget-wrap elementor-element-populated\">\n\t\t\t\t\t\t<div class=\"elementor-element elementor-element-18a8ea2 elementor-widget elementor-widget-heading\" data-id=\"18a8ea2\" data-element_type=\"widget\" data-e-type=\"widget\" data-widget_type=\"heading.default\">\n\t\t\t\t<div class=\"elementor-widget-container\">\n\t\t\t\t\t<h2 class=\"elementor-heading-title elementor-size-default\">Biograf\u00eda<\/h2>\t\t\t\t<\/div>\n\t\t\t\t<\/div>\n\t\t\t\t<section class=\"elementor-section elementor-inner-section elementor-element elementor-element-31c1abe elementor-section-boxed elementor-section-height-default elementor-section-height-default\" data-id=\"31c1abe\" data-element_type=\"section\" data-e-type=\"section\">\n\t\t\t\t\t\t<div class=\"elementor-container elementor-column-gap-default\">\n\t\t\t\t\t<div class=\"elementor-column elementor-col-100 elementor-inner-column elementor-element elementor-element-38fe2b1\" data-id=\"38fe2b1\" data-element_type=\"column\" data-e-type=\"column\">\n\t\t\t<div class=\"elementor-widget-wrap elementor-element-populated\">\n\t\t\t\t\t\t<div class=\"elementor-element elementor-element-06c1062 elementor-widget elementor-widget-text-editor\" data-id=\"06c1062\" data-element_type=\"widget\" data-e-type=\"widget\" data-widget_type=\"text-editor.default\">\n\t\t\t\t<div class=\"elementor-widget-container\">\n\t\t\t\t\t\t\t\t\t<p>La soprano Mariana Flores estudi\u00f3 en la Universidad Nacional de Cuyo (Argentina) y en la Schola Cantorum Basliliensis. Apasionada int\u00e9rprete del repertorio barroco, ha colaborado con artistas como Christina Pluhar, Teodor Currentzis, John Eliot Gardiner y Leonardo Garc\u00eda-Alarc\u00f3n.<\/p><p>Act\u00faa en los mayores escenarios internacionales (\u00d3pera de Par\u00eds, Gran Teatro de Ginebra, \u00d3pera Real de Versalles, etc.) en grandes producciones oper\u00edsticas, as\u00ed como en conciertos y recitales de gran formato. Canta regularmente con el conjunto Cappella Mediterranea, con el que tiene la oportunidad de fusionar la m\u00fasica barroca con el repertorio tradicional argentino.<\/p><p>Ha participado en varias grabaciones premiadas, como 'Lamenti &amp; Sospiri' de d'India en 2021, 'L'Orfeo' de Monteverdi y en 2022 el lanzamiento de <em>La Finta pazza<\/em> de Sacrati antes de la reanudaci\u00f3n de una gira europea de esta \u00f3pera, en la que triunf\u00f3 en el papel titular en 2019. En 2023 <em>Alfonsina<\/em>, un \u00e1lbum muy personal de canciones folcl\u00f3ricas argentinas que grab\u00f3 con Quito Gato, repertorio que ha estado en gira de conciertos desde entonces.<\/p><p>M\u00e1s recientemente, ha participado en <em>Amore Siciliano<\/em> un programa emblem\u00e1tico de Cappella Mediterranea editado por Alpha, que seguir\u00e1 emiti\u00e9ndose en 2025, o el <em>Dixit dominus<\/em> de Handel y la <em>Misa en mi menor<\/em> de Colonna con Ricercar.<\/p><p>\u00a0<\/p>\t\t\t\t\t\t\t\t<\/div>\n\t\t\t\t<\/div>\n\t\t\t\t\t<\/div>\n\t\t<\/div>\n\t\t\t\t\t<\/div>\n\t\t<\/section>\n\t\t\t\t\t<\/div>\n\t\t<\/div>\n\t\t\t\t<div class=\"elementor-column elementor-col-50 elementor-top-column elementor-element elementor-element-6e61294\" data-id=\"6e61294\" data-element_type=\"column\" data-e-type=\"column\" data-settings=\"{&quot;background_background&quot;:&quot;classic&quot;}\">\n\t\t\t<div class=\"elementor-widget-wrap elementor-element-populated\">\n\t\t\t\t\t\t<div class=\"elementor-element elementor-element-aa803a6 elementor-widget elementor-widget-image\" data-id=\"aa803a6\" data-element_type=\"widget\" data-e-type=\"widget\" data-widget_type=\"image.default\">\n\t\t\t\t<div class=\"elementor-widget-container\">\n\t\t\t\t\t\t\t\t\t\t\t\t<figure class=\"wp-caption\">\n\t\t\t\t\t\t\t\t\t\t<img fetchpriority=\"high\" decoding=\"async\" width=\"700\" height=\"1024\" src=\"https:\/\/www.marianaflores.com\/wp-content\/uploads\/2023\/05\/Stage-Francois-de-Maleissye-Melun.jpg\" class=\"attachment-full size-full wp-image-728\" alt=\"\" srcset=\"https:\/\/www.marianaflores.com\/wp-content\/uploads\/2023\/05\/Stage-Francois-de-Maleissye-Melun.jpg 700w, https:\/\/www.marianaflores.com\/wp-content\/uploads\/2023\/05\/Stage-Francois-de-Maleissye-Melun-205x300.jpg 205w\" sizes=\"(max-width: 700px) 100vw, 700px\" \/>\t\t\t\t\t\t\t\t\t\t\t<figcaption class=\"widget-image-caption wp-caption-text\">\u00a9 Fran\u00e7ois de Maleissye<\/figcaption>\n\t\t\t\t\t\t\t\t\t\t<\/figure>\n\t\t\t\t\t\t\t\t\t<\/div>\n\t\t\t\t<\/div>\n\t\t\t\t\t<\/div>\n\t\t<\/div>\n\t\t\t\t\t<\/div>\n\t\t<\/section>\n\t\t\t\t<section class=\"elementor-section elementor-top-section elementor-element elementor-element-5c82b90 elementor-section-full_width elementor-section-items-top elementor-section-content-middle elementor-section-height-min-height elementor-section-height-default\" data-id=\"5c82b90\" data-element_type=\"section\" data-e-type=\"section\">\n\t\t\t\t\t\t<div class=\"elementor-container elementor-column-gap-no\">\n\t\t\t\t\t<div class=\"elementor-column elementor-col-50 elementor-top-column elementor-element elementor-element-91e9eb1\" data-id=\"91e9eb1\" data-element_type=\"column\" data-e-type=\"column\" data-settings=\"{&quot;background_background&quot;:&quot;classic&quot;}\">\n\t\t\t<div class=\"elementor-widget-wrap elementor-element-populated\">\n\t\t\t\t\t\t<section class=\"elementor-section elementor-inner-section elementor-element elementor-element-0b21452 elementor-section-boxed elementor-section-height-default elementor-section-height-default\" data-id=\"0b21452\" data-element_type=\"section\" data-e-type=\"section\">\n\t\t\t\t\t\t<div class=\"elementor-container elementor-column-gap-default\">\n\t\t\t\t\t<div class=\"elementor-column elementor-col-100 elementor-inner-column elementor-element elementor-element-04c6289\" data-id=\"04c6289\" data-element_type=\"column\" data-e-type=\"column\">\n\t\t\t<div class=\"elementor-widget-wrap elementor-element-populated\">\n\t\t\t\t\t\t<div class=\"elementor-element elementor-element-bcf3068 elementor-hidden-mobile elementor-widget elementor-widget-image\" data-id=\"bcf3068\" data-element_type=\"widget\" data-e-type=\"widget\" data-widget_type=\"image.default\">\n\t\t\t\t<div class=\"elementor-widget-container\">\n\t\t\t\t\t\t\t\t\t\t\t\t\t\t\t<img decoding=\"async\" width=\"800\" height=\"534\" src=\"https:\/\/www.marianaflores.com\/wp-content\/uploads\/2023\/05\/Concert-with-Leonardo-2-1024x683.webp\" class=\"attachment-large size-large wp-image-769\" alt=\"\" srcset=\"https:\/\/www.marianaflores.com\/wp-content\/uploads\/2023\/05\/Concert-with-Leonardo-2-1024x683.webp 1024w, https:\/\/www.marianaflores.com\/wp-content\/uploads\/2023\/05\/Concert-with-Leonardo-2-300x200.webp 300w, https:\/\/www.marianaflores.com\/wp-content\/uploads\/2023\/05\/Concert-with-Leonardo-2-768x512.webp 768w, https:\/\/www.marianaflores.com\/wp-content\/uploads\/2023\/05\/Concert-with-Leonardo-2-1536x1024.webp 1536w, https:\/\/www.marianaflores.com\/wp-content\/uploads\/2023\/05\/Concert-with-Leonardo-2.webp 1920w\" sizes=\"(max-width: 800px) 100vw, 800px\" \/>\t\t\t\t\t\t\t\t\t\t\t\t\t\t\t<\/div>\n\t\t\t\t<\/div>\n\t\t\t\t<div class=\"elementor-element elementor-element-7a36954 elementor-widget elementor-widget-text-editor\" data-id=\"7a36954\" data-element_type=\"widget\" data-e-type=\"widget\" data-widget_type=\"text-editor.default\">\n\t\t\t\t<div class=\"elementor-widget-container\">\n\t\t\t\t\t\t\t\t\t<p>En 2024, Mariana Flores volvi\u00f3 al Festival d'Aix-en-Provence como Amore y Minerva en <em>Il Ritorno d\u2019Ulisse in Patria<\/em> de Monteverdi, dirigida por Pierre Audi, antes de participar en <em>Seasons<\/em>, la audaz creaci\u00f3n de Fabrice Murgia en la Cit\u00e9 Bleue, que combina cine, teatro y canci\u00f3n, en la que interpreta m\u00fasica barroca y pop contempor\u00e1neo.<\/p><p>En noviembre y diciembre, cant\u00f3 la <em>Misa en si menor <\/em>de Bach en una gira internacional por Canad\u00e1 y Brasil, que repetir\u00e1 en el verano de 2025 en el prestigioso Festival de Verbier.<\/p><p>La temporada art\u00edstica de Mariana Flores en 2025 ser\u00e1 rica y muy internacional con la recuperaci\u00f3n de la creaci\u00f3n teatral musical <em>Amour \u00e0 Mort<\/em> dirigida por Jean-Yves Ruf en la \u00d3pera Nacional de Lorena, <em>L\u2019Incoronazione di Poppea<\/em> en concierto en Alemania, Canad\u00e1 y Nueva York,\u00a0 <em>Pompeo Magno <\/em>de Cavalli, estrenada en el Festival de Bayreuth y luego de gira, el<em> Requiem<\/em> Mozart en el Auditorium de Radio France, y numerosos recitales por toda Europa.<\/p><p>Junto con la laudista y guitarrista M\u00f3nica Pustilnik, prepara la grabaci\u00f3n de \u00bb\u00a0<em>Muse e Sirene\u00a0<\/em>\u00bb, un programa centrado en las mujeres compositoras del siglo XVII.<sup>e<\/sup> si\u00e8cle.<\/p>\t\t\t\t\t\t\t\t<\/div>\n\t\t\t\t<\/div>\n\t\t\t\t<div class=\"elementor-element elementor-element-ef3be40 elementor-align-center elementor-widget elementor-widget-button\" data-id=\"ef3be40\" data-element_type=\"widget\" data-e-type=\"widget\" data-widget_type=\"button.default\">\n\t\t\t\t<div class=\"elementor-widget-container\">\n\t\t\t\t\t\t\t\t\t<div class=\"elementor-button-wrapper\">\n\t\t\t\t\t<a class=\"elementor-button elementor-button-link elementor-size-sm elementor-animation-bob\" href=\"https:\/\/www.marianaflores.com\/wp-content\/uploads\/2025\/04\/Press-Kit-04-2025.zip\">\n\t\t\t\t\t\t<span class=\"elementor-button-content-wrapper\">\n\t\t\t\t\t\t\t\t\t<span class=\"elementor-button-text\">Descargar kit de prensa<\/span>\n\t\t\t\t\t<\/span>\n\t\t\t\t\t<\/a>\n\t\t\t\t<\/div>\n\t\t\t\t\t\t\t\t<\/div>\n\t\t\t\t<\/div>\n\t\t\t\t\t<\/div>\n\t\t<\/div>\n\t\t\t\t\t<\/div>\n\t\t<\/section>\n\t\t\t\t\t<\/div>\n\t\t<\/div>\n\t\t\t\t<div class=\"elementor-column elementor-col-50 elementor-top-column elementor-element elementor-element-defbddf\" data-id=\"defbddf\" data-element_type=\"column\" data-e-type=\"column\" data-settings=\"{&quot;background_background&quot;:&quot;classic&quot;}\">\n\t\t\t<div class=\"elementor-widget-wrap elementor-element-populated\">\n\t\t\t\t\t\t<div class=\"elementor-element elementor-element-7d0eca0 elementor-widget elementor-widget-spacer\" data-id=\"7d0eca0\" data-element_type=\"widget\" data-e-type=\"widget\" data-widget_type=\"spacer.default\">\n\t\t\t\t<div class=\"elementor-widget-container\">\n\t\t\t\t\t\t\t<div class=\"elementor-spacer\">\n\t\t\t<div class=\"elementor-spacer-inner\"><\/div>\n\t\t<\/div>\n\t\t\t\t\t\t<\/div>\n\t\t\t\t<\/div>\n\t\t\t\t<div class=\"elementor-element elementor-element-5106195 elementor-widget elementor-widget-image\" data-id=\"5106195\" data-element_type=\"widget\" data-e-type=\"widget\" data-widget_type=\"image.default\">\n\t\t\t\t<div class=\"elementor-widget-container\">\n\t\t\t\t\t\t\t\t\t\t\t\t<figure class=\"wp-caption\">\n\t\t\t\t\t\t\t\t\t\t<img decoding=\"async\" width=\"1703\" height=\"2560\" src=\"https:\/\/www.marianaflores.com\/wp-content\/uploads\/2023\/05\/Mariana-Flores-portrait-blue-scaled.webp\" class=\"attachment-full size-full wp-image-765\" alt=\"\" srcset=\"https:\/\/www.marianaflores.com\/wp-content\/uploads\/2023\/05\/Mariana-Flores-portrait-blue-scaled.webp 1703w, https:\/\/www.marianaflores.com\/wp-content\/uploads\/2023\/05\/Mariana-Flores-portrait-blue-200x300.webp 200w, https:\/\/www.marianaflores.com\/wp-content\/uploads\/2023\/05\/Mariana-Flores-portrait-blue-681x1024.webp 681w, https:\/\/www.marianaflores.com\/wp-content\/uploads\/2023\/05\/Mariana-Flores-portrait-blue-768x1154.webp 768w, https:\/\/www.marianaflores.com\/wp-content\/uploads\/2023\/05\/Mariana-Flores-portrait-blue-1022x1536.webp 1022w, https:\/\/www.marianaflores.com\/wp-content\/uploads\/2023\/05\/Mariana-Flores-portrait-blue-1362x2048.webp 1362w\" sizes=\"(max-width: 1703px) 100vw, 1703px\" \/>\t\t\t\t\t\t\t\t\t\t\t<figcaption class=\"widget-image-caption wp-caption-text\">\u00a9 Fran\u00e7ois de Maleissye<\/figcaption>\n\t\t\t\t\t\t\t\t\t\t<\/figure>\n\t\t\t\t\t\t\t\t\t<\/div>\n\t\t\t\t<\/div>\n\t\t\t\t\t<\/div>\n\t\t<\/div>\n\t\t\t\t\t<\/div>\n\t\t<\/section>\n\t\t\t\t<\/div>","protected":false},"excerpt":{"rendered":"<p>Biographie La soprano Mariana Flores a \u00e9tudi\u00e9 \u00e0 l&rsquo;Universit\u00e9 nationale de Cuyo en Argentine et \u00e0 la Schola Cantorum Basliliensis. Interpr\u00e8te passionn\u00e9e du r\u00e9pertoire baroque, elle collabore avec des artistes tels que Christina Pluhar, Teodor Currentzis, John Eliot Gardiner ou Leonardo Garc\u00eda-Alarc\u00f3n. Elle se produit sur les plus grandes sc\u00e8nes internationales\u00a0(Op\u00e9ra de Paris, Grand Th\u00e9\u00e2tre [&hellip;]<\/p>\n","protected":false},"author":1,"featured_media":0,"parent":0,"menu_order":0,"comment_status":"closed","ping_status":"closed","template":"","meta":{"_acf_changed":false,"footnotes":""},"class_list":["post-198","page","type-page","status-publish","hentry"],"acf":[],"_links":{"self":[{"href":"https:\/\/www.marianaflores.com\/es\/wp-json\/wp\/v2\/pages\/198","targetHints":{"allow":["GET"]}}],"collection":[{"href":"https:\/\/www.marianaflores.com\/es\/wp-json\/wp\/v2\/pages"}],"about":[{"href":"https:\/\/www.marianaflores.com\/es\/wp-json\/wp\/v2\/types\/page"}],"author":[{"embeddable":true,"href":"https:\/\/www.marianaflores.com\/es\/wp-json\/wp\/v2\/users\/1"}],"replies":[{"embeddable":true,"href":"https:\/\/www.marianaflores.com\/es\/wp-json\/wp\/v2\/comments?post=198"}],"version-history":[{"count":106,"href":"https:\/\/www.marianaflores.com\/es\/wp-json\/wp\/v2\/pages\/198\/revisions"}],"predecessor-version":[{"id":2535,"href":"https:\/\/www.marianaflores.com\/es\/wp-json\/wp\/v2\/pages\/198\/revisions\/2535"}],"wp:attachment":[{"href":"https:\/\/www.marianaflores.com\/es\/wp-json\/wp\/v2\/media?parent=198"}],"curies":[{"name":"wp","href":"https:\/\/api.w.org\/{rel}","templated":true}]}}